{"id":376,"date":"2017-03-23T10:36:58","date_gmt":"2017-03-23T10:36:58","guid":{"rendered":"http:\/\/www.alfingbv.com\/?page_id=376"},"modified":"2018-05-16T11:38:23","modified_gmt":"2018-05-16T11:38:23","slug":"granen","status":"publish","type":"page","link":"https:\/\/www.alfingbv.com\/de\/granen\/","title":{"rendered":"Getreide"},"content":{"rendered":"<p><strong>Speicher Getreide<\/strong><\/p>\n<p>W\u00e4hrend der Ernte erhalten wir f\u00fcr einige Getreideh\u00e4ndler Weizen, Raps und Gerste<br \/>\nDies wird von den Landwirten selbst oder mit Lastwagen geliefert.<br \/>\nDurch gro\u00dfe Ventilatoren k\u00f6nnen wir die Produkte gut halten und k\u00fchlen<\/p>\n<p>W\u00e4hrend des Entladens wird eine Probe entnommen, die sofort auf Feuchtigkeit und Hektolitergewicht \u00fcberpr\u00fcft wird<br \/>\nAus diesem Muster f\u00fchren wir eine versiegelte Gegenprobe mit Kundendaten und Wiegezahl<br \/>\nAll dies geschieht mit schnellen modernen Ger\u00e4ten, so dass beim Entladen keine Warteschlangen entstehen.<\/p>\n<p>Es ist auch m\u00f6glich, Getreide in Appingedam bei Graansilo Appingedam BV und Reijerse BV in Spijk zu liefern<\/p>\n","protected":false},"excerpt":{"rendered":"<p>Speicher Getreide W\u00e4hrend der Ernte erhalten wir f\u00fcr einige Getreideh\u00e4ndler Weizen, Raps und Gerste Dies wird von den Landwirten selbst oder mit Lastwagen geliefert. Durch gro\u00dfe Ventilatoren k\u00f6nnen wir die Produkte gut halten und k\u00fchlen W\u00e4hrend des Entladens wird eine Probe entnommen, die sofort auf Feuchtigkeit und Hektolitergewicht \u00fcberpr\u00fcft wird Aus diesem Muster f\u00fchren wir [&hellip;]<\/p>\n","protected":false},"author":3969,"featured_media":0,"parent":0,"menu_order":0,"comment_status":"closed","ping_status":"closed","template":"template-page-sidebar-left.php","meta":{"_acf_changed":false,"footnotes":""},"class_list":["post-376","page","type-page","status-publish","hentry"],"translation":{"provider":"WPGlobus","version":"3.0.2","language":"de","enabled_languages":["nl","de","gb"],"languages":{"nl":{"title":true,"content":true,"excerpt":false},"de":{"title":true,"content":true,"excerpt":false},"gb":{"title":true,"content":true,"excerpt":false}}},"acf":[],"publishpress_future_action":{"enabled":false,"date":"2026-05-09 14:34:20","action":"change-status","newStatus":"draft","terms":[],"taxonomy":"","extraData":[]},"publishpress_future_workflow_manual_trigger":{"enabledWorkflows":[]},"_links":{"self":[{"href":"https:\/\/www.alfingbv.com\/de\/wp-json\/wp\/v2\/pages\/376","targetHints":{"allow":["GET"]}}],"collection":[{"href":"https:\/\/www.alfingbv.com\/de\/wp-json\/wp\/v2\/pages"}],"about":[{"href":"https:\/\/www.alfingbv.com\/de\/wp-json\/wp\/v2\/types\/page"}],"author":[{"embeddable":true,"href":"https:\/\/www.alfingbv.com\/de\/wp-json\/wp\/v2\/users\/3969"}],"replies":[{"embeddable":true,"href":"https:\/\/www.alfingbv.com\/de\/wp-json\/wp\/v2\/comments?post=376"}],"version-history":[{"count":7,"href":"https:\/\/www.alfingbv.com\/de\/wp-json\/wp\/v2\/pages\/376\/revisions"}],"predecessor-version":[{"id":578,"href":"https:\/\/www.alfingbv.com\/de\/wp-json\/wp\/v2\/pages\/376\/revisions\/578"}],"wp:attachment":[{"href":"https:\/\/www.alfingbv.com\/de\/wp-json\/wp\/v2\/media?parent=376"}],"curies":[{"name":"wp","href":"https:\/\/api.w.org\/{rel}","templated":true}]}}